{"id":118,"date":"2025-05-18T14:29:37","date_gmt":"2025-05-18T14:29:37","guid":{"rendered":"http:\/\/arctic-sauna.ee\/about\/"},"modified":"2025-06-18T08:52:17","modified_gmt":"2025-06-18T08:52:17","slug":"about","status":"publish","type":"page","link":"http:\/\/arctic-sauna.no\/nb\/about\/","title":{"rendered":"Om"},"content":{"rendered":"<div class=\"wp-block-uagb-container uagb-block-7fa683e6 alignfull uagb-is-root-container\"><div class=\"uagb-container-inner-blocks-wrap\"><\/div><\/div>\n\n\n\n<div class=\"wp-block-uagb-container uagb-block-94ded581 alignfull uagb-is-root-container\"><div class=\"uagb-container-inner-blocks-wrap\">\n<header class=\"wp-block-uagb-advanced-heading uagb-block-671f3570\"><\/header>\n\n\n\n<div class=\"wp-block-uagb-container uagb-block-21891d52\">\n<div class=\"wp-block-uagb-container uagb-block-7e959f87\">\n<div class=\"wp-block-uagb-info-box uagb-block-4960c374 uagb-infobox__content-wrap  uagb-infobox-icon-above-title uagb-infobox-image-valign-top\"><div class=\"uagb-ifb-content\"><div class=\"uagb-ifb-title-wrap\"><h3 class=\"uagb-ifb-title\"><em><strong>\"Hvor kulde slutter og varme begynner!\"<\/strong><\/em><br><br><\/h3><\/div><p class=\"uagb-ifb-desc\"><strong>ARCTIC\u2011sauna\u00ae<\/strong> ble skapt ut fra et \u00f8nske om \u00e5 tilby noe mer enn bare et varmt rom \u2013 vi \u00f8nsket \u00e5 dele en ekte nordisk saunaopplevelse som bringer folk sammen, lindrer sjelen og skaper varige minner. <br><br>Vi tror de beste \u00f8yeblikkene skjer n\u00e5r tiden blir langsom \u2013 n\u00e5r du er omgitt av venner og familie. <br><br>Og den perfekte rammen for slike \u00f8yeblikk? <br>En av v\u00e5re ARCTIC\u2011sauna\u00ae \u2013 laget av naturlig tre, fylt med varme og bygget for tilknytning. <br><br>V\u00e5re h\u00e5ndlagde tremodeller er mer enn bare varme rom \u2013 de er steder hvor minner skapes. <br>Hver ARCTIC\u2011sauna\u00ae er designet for \u00e5 gi kvalitet, enkelhet og den ekte \u00e5nden i nordisk saunakultur. <br>Det handler om ekte varme, ekte tilknytning og ekte glede. <br><br>Vi inviterer deg til \u00e5 bli med p\u00e5 en reise der enkelhet blir ekte luksus \u2013 og der hver dampsky holder noe uforglemmelig.<br><br><strong>Visjon<\/strong><br>\u00c5 bringe varme, kvalitet og glede inn i menneskers liv gjennom autentiske tremodeller, og skape uforglemmelige \u00f8yeblikk med venner og familie.<br><br><strong>Misjon<\/strong><br>Hos ARCTIC\u2011sauna deler vi magien i nordisk saunakultur ved \u00e5 lage tremodeller som forvandler hverdags\u00f8yeblikk til uforglemmelige opplevelser \u2013 \u00f8yeblikk av varme, tilknytning og ren glede.<\/p><\/div><\/div>\n<\/div>\n<\/div>\n<\/div><\/div>\n\n\n\n<div class=\"wp-block-uagb-container uagb-block-cc344175 alignfull uagb-is-root-container\"><div class=\"uagb-container-inner-blocks-wrap\">\n<div class=\"wp-block-uagb-advanced-heading uagb-block-7b2294a3\"><h2 class=\"uagb-heading-text\">V\u00e5re verdier<\/h2><p class=\"uagb-desc-text\">V\u00e5re kjerneverdier viser v\u00e5rt engasjement for kvalitet, godt h\u00e5ndverk og forn\u00f8yde kunder. Vi mener ekte verdi ligger i sm\u00e5 detaljer og omsorg i hver eneste sauna vi lager.<\/p><\/div>\n\n\n\n<div class=\"wp-block-uagb-container uagb-block-ecb8dade\">\n<div class=\"wp-block-uagb-advanced-heading uagb-block-bef7d43a\"><h3 class=\"uagb-heading-text\"><strong>Kvalitet<\/strong><br><\/h3><p class=\"uagb-desc-text\">V\u00e5re produkter er laget etter de h\u00f8yeste kvalitetsstandarder, og sikrer en autentisk og langvarig saunaopplevelse.<\/p><\/div>\n\n\n\n<div class=\"wp-block-uagb-advanced-heading uagb-block-b863782d\"><h3 class=\"uagb-heading-text\">H\u00e5ndverk<\/h3><p class=\"uagb-desc-text\">Hver sauna er et mesterverk, bygget med ferdighet og lidenskap basert i nordisk tradisjon. V\u00e5rt h\u00e5ndverk er v\u00e5r stolthet.<\/p><\/div>\n\n\n\n<div class=\"wp-block-uagb-advanced-heading uagb-block-9f890ad2\"><h3 class=\"uagb-heading-text\">Kundefokus<\/h3><p class=\"uagb-desc-text\">Kundene v\u00e5re st\u00e5r i sentrum av v\u00e5r misjon. Vi lytter alltid til deres \u00f8nsker og behov for \u00e5 skape den best mulige opplevelsen.<\/p><\/div>\n<\/div>\n<\/div><\/div>\n\n\n\n<div class=\"wp-block-uagb-container uagb-block-c84325e4 alignfull uagb-is-root-container\"><div class=\"uagb-container-inner-blocks-wrap\">\n<div class=\"wp-block-uagb-info-box uagb-block-d8a09d88 uagb-infobox__content-wrap  uagb-infobox-icon-above-title uagb-infobox-image-valign-top\"><div class=\"uagb-ifb-content\"><div class=\"uagb-ifb-title-wrap\"><h2 class=\"uagb-ifb-title\">Kontakt oss<\/h2><\/div><p class=\"uagb-ifb-desc\">Har du sp\u00f8rsm\u00e5l eller trenger mer informasjon? Ta gjerne kontakt. Send oss e-post eller ring oss. V\u00e5rt nummer er\u202f+47\u202f9171\u202f4599.<\/p><div class=\"uagb-ifb-button-wrapper wp-block-button\"><a href=\"\/nb\/contact\/\" class=\"uagb-infobox-cta-link wp-block-button__link\" target=\"_self\" rel=\"noopener noreferrer\" onclick=\"return true;\"><span class=\"uagb-inline-editing\">Kontakt<\/span><\/a><\/div><\/div><\/div>\n<\/div><\/div>","protected":false},"excerpt":{"rendered":"<p>Our values Our values show our commitment to quality, good craftsmanship, and happy customers. We believe real value comes from [&hellip;]<\/p>\n","protected":false},"author":1,"featured_media":0,"parent":0,"menu_order":0,"comment_status":"closed","ping_status":"closed","template":"","meta":{"_uag_custom_page_level_css":"","site-sidebar-layout":"default","site-content-layout":"","ast-site-content-layout":"default","site-content-style":"default","site-sidebar-style":"default","ast-global-header-display":"","ast-banner-title-visibility":"","ast-main-header-display":"","ast-hfb-above-header-display":"","ast-hfb-below-header-display":"","ast-hfb-mobile-header-display":"","site-post-title":"disabled","ast-breadcrumbs-content":"","ast-featured-img":"","footer-sml-layout":"","theme-transparent-header-meta":"enabled","adv-header-id-meta":"","stick-header-meta":"","header-above-stick-meta":"","header-main-stick-meta":"","header-below-stick-meta":"","astra-migrate-meta-layouts":"set","ast-page-background-enabled":"default","ast-page-background-meta":{"desktop":{"background-color":"var(--ast-global-color-4)","background-image":"","background-repeat":"repeat","background-position":"center center","background-size":"auto","background-attachment":"scroll","background-type":"","background-media":"","overlay-type":"","overlay-color":"","overlay-opacity":"","overlay-gradient":""},"tablet":{"background-color":"","background-image":"","background-repeat":"repeat","background-position":"center center","background-size":"auto","background-attachment":"scroll","background-type":"","background-media":"","overlay-type":"","overlay-color":"","overlay-opacity":"","overlay-gradient":""},"mobile":{"background-color":"","background-image":"","background-repeat":"repeat","background-position":"center center","background-size":"auto","background-attachment":"scroll","background-type":"","background-media":"","overlay-type":"","overlay-color":"","overlay-opacity":"","overlay-gradient":""}},"ast-content-background-meta":{"desktop":{"background-color":"var(--ast-global-color-5)","background-image":"","background-repeat":"repeat","background-position":"center center","background-size":"auto","background-attachment":"scroll","background-type":"","background-media":"","overlay-type":"","overlay-color":"","overlay-opacity":"","overlay-gradient":""},"tablet":{"background-color":"var(--ast-global-color-5)","background-image":"","background-repeat":"repeat","background-position":"center center","background-size":"auto","background-attachment":"scroll","background-type":"","background-media":"","overlay-type":"","overlay-color":"","overlay-opacity":"","overlay-gradient":""},"mobile":{"background-color":"var(--ast-global-color-5)","background-image":"","background-repeat":"repeat","background-position":"center center","background-size":"auto","background-attachment":"scroll","background-type":"","background-media":"","overlay-type":"","overlay-color":"","overlay-opacity":"","overlay-gradient":""}},"footnotes":""},"class_list":["post-118","page","type-page","status-publish","hentry"],"uagb_featured_image_src":{"full":false,"thumbnail":false,"medium":false,"medium_large":false,"large":false,"1536x1536":false,"2048x2048":false,"trp-custom-language-flag":false,"woocommerce_thumbnail":false,"woocommerce_single":false,"woocommerce_gallery_thumbnail":false},"uagb_author_info":{"display_name":"arctic.eveli","author_link":"http:\/\/arctic-sauna.no\/nb\/author\/arctic-eveli\/"},"uagb_comment_info":0,"uagb_excerpt":"Our values Our values show our commitment to quality, good craftsmanship, and happy customers. We believe real value comes from [&hellip;]","_links":{"self":[{"href":"http:\/\/arctic-sauna.no\/nb\/wp-json\/wp\/v2\/pages\/118","targetHints":{"allow":["GET"]}}],"collection":[{"href":"http:\/\/arctic-sauna.no\/nb\/wp-json\/wp\/v2\/pages"}],"about":[{"href":"http:\/\/arctic-sauna.no\/nb\/wp-json\/wp\/v2\/types\/page"}],"author":[{"embeddable":true,"href":"http:\/\/arctic-sauna.no\/nb\/wp-json\/wp\/v2\/users\/1"}],"replies":[{"embeddable":true,"href":"http:\/\/arctic-sauna.no\/nb\/wp-json\/wp\/v2\/comments?post=118"}],"version-history":[{"count":5,"href":"http:\/\/arctic-sauna.no\/nb\/wp-json\/wp\/v2\/pages\/118\/revisions"}],"predecessor-version":[{"id":2013,"href":"http:\/\/arctic-sauna.no\/nb\/wp-json\/wp\/v2\/pages\/118\/revisions\/2013"}],"wp:attachment":[{"href":"http:\/\/arctic-sauna.no\/nb\/wp-json\/wp\/v2\/media?parent=118"}],"curies":[{"name":"wp","href":"https:\/\/api.w.org\/{rel}","templated":true}]}}