{"id":1727,"date":"2025-05-23T20:17:15","date_gmt":"2025-05-23T20:17:15","guid":{"rendered":"http:\/\/arctic-sauna.ee\/?page_id=1727"},"modified":"2025-09-16T06:22:26","modified_gmt":"2025-09-16T06:22:26","slug":"pricelist","status":"publish","type":"page","link":"http:\/\/arctic-sauna.no\/nb\/pricelist\/","title":{"rendered":"Prisliste"},"content":{"rendered":"<p><\/p>\n\n\n\n<div class=\"wp-block-uagb-container uagb-block-abc9af6a alignfull uagb-is-root-container\"><div class=\"uagb-container-inner-blocks-wrap\">\n<figure class=\"wp-block-table is-style-stripes\" style=\"padding-top:0;padding-bottom:0;font-size:10px\"><table class=\"has-fixed-layout\"><tbody><tr><td><strong>T\u00d8NNE-<br>BADSTU SKAMTIND,<\/strong><br><strong>DIAMETER 205 CM<\/strong><br><strong>2 SM\u00c5E VINDUER<\/strong><\/td><td><\/td><td><\/td><td><\/td><\/tr><tr><td>160 cm lang<\/td><td>4 pers<\/td><td>1 rom<\/td><td>KR 73 000<\/td><\/tr><tr><td>200 cm lang<\/td><td>5-6 pers<\/td><td>1 rom<\/td><td>KR 83 000<\/td><\/tr><tr><td>270 cm lang<\/td><td>8 pers<\/td><td>1 rom<\/td><td>KR 94 000<\/td><\/tr><tr><td>330 cm lang<\/td><td>6 pers<\/td><td>2 rom<\/td><td>KR 116 000<\/td><\/tr><tr><td>430 cm lang<\/td><td>8-10 pers<\/td><td>2 rom<\/td><td>KR 126 000<\/td><\/tr><tr><td colspan=\"4\"><strong>KJ\u00d8LEN<\/strong>, <br><strong>BREDDE 240 CM, <br>2 SM\u00c5E VINDUER<\/strong><\/td><\/tr><tr><td>270 cm lang<\/td><td>8 pers<\/td><td>1 rom<\/td><td>KR 105 000<\/td><\/tr><tr><td>330 cm lang<\/td><td>6 pers<\/td><td>2 rom<\/td><td>KR 126 000<\/td><\/tr><tr><td>430 cm lang<\/td><td>8-10 pers<\/td><td>2 rom<\/td><td>KR 137 000<\/td><\/tr><tr><td colspan=\"4\"><strong>ST\u00c5ENDE T\u00d8NNENBADSTU&nbsp;S\u00d8RTIND, <br>MED DIAMETER 240 CM, BUET VINDU<\/strong><\/td><\/tr><tr><td>Med takterrasse<\/td><td>5-6 pers<\/td><td>1 rom<\/td><td>KR 148 000<\/td><\/tr><tr><td>Uten takterrasse<\/td><td>5-6 pers<\/td><td>1 rom<\/td><td>KR 137 000<\/td><\/tr><tr><td colspan=\"4\"><strong>BADSTU MED FLATT TAK OG RETTE VEGGER, LAMINERT TREVERK<\/strong><\/td><\/tr><tr><td>BJ\u00d8RNSLETA 200&#215;200<\/td><td>4 pers<\/td><td>1 rom<\/td><td>KR 105 000<\/td><\/tr><tr><td>BJ\u00d8RNSLETTA  380&#215;240<\/td><td>5-7 pers<\/td><td>2 rom<\/td><td>KR 180 000<\/td><\/tr><tr><td colspan=\"4\"><strong>OVALE BADSTUER &#8211; BREDDE 240 CM<\/strong><\/td><\/tr><tr><td>BUREN 320 cm<\/td><td>4 pers<\/td><td>2 rom<\/td><td>KR 148 000<\/td><\/tr><tr><td>BUREN 440 cm<\/td><td>6-10 pers<\/td><td>2 eller 3 rom<\/td><td>KR 180 000<\/td><\/tr><tr><td>BL\u00c5MANN 440 cm<\/td><td>4-6 pers<\/td><td>2 rom<\/td><td>KR 180 000<\/td><\/tr><tr><td colspan=\"4\"><strong>BREITIND<\/strong>&nbsp;&#8211; PANORAMA FRONT MED GLASSD\u00d8R<\/td><\/tr><tr><td>Breitind 2 134&#215;117<\/td><td>2 pers<\/td><td>1 rom<\/td><td>KR 51 000<\/td><\/tr><tr><td>Breitind 3 194&#215;117<\/td><td>3 pers<\/td><td>1 rom<\/td><td>KR 62 000<\/td><\/tr><tr><td>Breitind 4 231&#215;219<\/td><td>4 pers<\/td><td>1 rom<\/td><td>KR 94 000<\/td><\/tr><tr><td>Breitind 6 305&#215;240<\/td><td>6 pers<\/td><td>1 rom<\/td><td>KR 116 000<\/td><\/tr><tr><td>Breitind 7 305&#215;240<\/td><td>7 pers<\/td><td>2 rom<\/td><td>KR 137 000<\/td><\/tr><tr><td colspan=\"4\"><strong>EKSTRAUTSTYR<\/strong><\/td><\/tr><tr><td colspan=\"3\">HALVGLASS VINDU 200 CM, FOR SKAMTIND<\/td><td>KR 6500<\/td><\/tr><tr><td colspan=\"3\">HALVGLASS VINDU 240 CM, FOR KJ\u00d8LEN<\/td><td>KR 8500<\/td><\/tr><tr><td colspan=\"3\">HELGLASS PANORAMA VINDU 200 CM, FOR SKAMTIND<\/td><td>KR 13 000<\/td><\/tr><tr><td colspan=\"3\">HELGLASS PANORAMA VINDU240 CM, FOR KJ\u00d8LEN<\/td><td>KR 15 000<\/td><\/tr><tr><td colspan=\"3\">LYS INNE OG UTE 220 V str\u00f8muttak ute<\/td><td>KR 7500<\/td><\/tr><tr><td><\/td><td><\/td><td><\/td><td><\/td><\/tr><tr><td>Alle priser er levert Troms\u00f8 med moms og ferdig montert. Kan leveres som byggesett.<\/td><td><\/td><td><\/td><td><\/td><\/tr><tr><td>Alle priser er med elektrisk eller vedfyrt ovn. Ovn og pipe monteres av kunde.<\/td><td><\/td><td><\/td><td><\/td><\/tr><tr><td>Alle v\u00e5re badstuer er bygget av 45 mm tykt termotre. Et f\u00f8rsteklasses materiale for bruk i alle slags klima.<\/td><td><\/td><td><\/td><td><\/td><\/tr><tr><td><\/td><td><\/td><td><\/td><td><\/td><\/tr><tr><td>STENERSEN AS<\/td><td colspan=\"2\">arnfinn@stenersen.biz<\/td><td>Tlf: +47 917 14 599<\/td><\/tr><\/tbody><\/table><\/figure>\n\n\n\n<p><\/p>\n<\/div><\/div>\n\n\n\n<p><\/p>","protected":false},"excerpt":{"rendered":"<p>T\u00d8NNE-BADSTU SKAMTIND,DIAMETER 205 CM2 SM\u00c5E VINDUER 160 cm lang 4 pers 1 rom KR 73 000 200 cm lang 5-6 [&hellip;]<\/p>\n","protected":false},"author":1,"featured_media":0,"parent":0,"menu_order":0,"comment_status":"closed","ping_status":"closed","template":"","meta":{"_uag_custom_page_level_css":"","site-sidebar-layout":"default","site-content-layout":"","ast-site-content-layout":"default","site-content-style":"default","site-sidebar-style":"default","ast-global-header-display":"","ast-banner-title-visibility":"","ast-main-header-display":"","ast-hfb-above-header-display":"","ast-hfb-below-header-display":"","ast-hfb-mobile-header-display":"","site-post-title":"","ast-breadcrumbs-content":"","ast-featured-img":"","footer-sml-layout":"","theme-transparent-header-meta":"disabled","adv-header-id-meta":"","stick-header-meta":"","header-above-stick-meta":"","header-main-stick-meta":"","header-below-stick-meta":"","astra-migrate-meta-layouts":"set","ast-page-background-enabled":"default","ast-page-background-meta":{"desktop":{"background-color":"var(--ast-global-color-4)","background-image":"","background-repeat":"repeat","background-position":"center center","background-size":"auto","background-attachment":"scroll","background-type":"","background-media":"","overlay-type":"","overlay-color":"","overlay-opacity":"","overlay-gradient":""},"tablet":{"background-color":"","background-image":"","background-repeat":"repeat","background-position":"center center","background-size":"auto","background-attachment":"scroll","background-type":"","background-media":"","overlay-type":"","overlay-color":"","overlay-opacity":"","overlay-gradient":""},"mobile":{"background-color":"","background-image":"","background-repeat":"repeat","background-position":"center center","background-size":"auto","background-attachment":"scroll","background-type":"","background-media":"","overlay-type":"","overlay-color":"","overlay-opacity":"","overlay-gradient":""}},"ast-content-background-meta":{"desktop":{"background-color":"var(--ast-global-color-5)","background-image":"","background-repeat":"repeat","background-position":"center center","background-size":"auto","background-attachment":"scroll","background-type":"","background-media":"","overlay-type":"","overlay-color":"","overlay-opacity":"","overlay-gradient":""},"tablet":{"background-color":"var(--ast-global-color-5)","background-image":"","background-repeat":"repeat","background-position":"center center","background-size":"auto","background-attachment":"scroll","background-type":"","background-media":"","overlay-type":"","overlay-color":"","overlay-opacity":"","overlay-gradient":""},"mobile":{"background-color":"var(--ast-global-color-5)","background-image":"","background-repeat":"repeat","background-position":"center center","background-size":"auto","background-attachment":"scroll","background-type":"","background-media":"","overlay-type":"","overlay-color":"","overlay-opacity":"","overlay-gradient":""}},"footnotes":""},"class_list":["post-1727","page","type-page","status-publish","hentry"],"uagb_featured_image_src":{"full":false,"thumbnail":false,"medium":false,"medium_large":false,"large":false,"1536x1536":false,"2048x2048":false,"trp-custom-language-flag":false,"woocommerce_thumbnail":false,"woocommerce_single":false,"woocommerce_gallery_thumbnail":false},"uagb_author_info":{"display_name":"arctic.eveli","author_link":"http:\/\/arctic-sauna.no\/nb\/author\/arctic-eveli\/"},"uagb_comment_info":0,"uagb_excerpt":"T\u00d8NNE-BADSTU SKAMTIND,DIAMETER 205 CM2 SM\u00c5E VINDUER 160 cm lang 4 pers 1 rom KR 73 000 200 cm lang 5-6 [&hellip;]","_links":{"self":[{"href":"http:\/\/arctic-sauna.no\/nb\/wp-json\/wp\/v2\/pages\/1727","targetHints":{"allow":["GET"]}}],"collection":[{"href":"http:\/\/arctic-sauna.no\/nb\/wp-json\/wp\/v2\/pages"}],"about":[{"href":"http:\/\/arctic-sauna.no\/nb\/wp-json\/wp\/v2\/types\/page"}],"author":[{"embeddable":true,"href":"http:\/\/arctic-sauna.no\/nb\/wp-json\/wp\/v2\/users\/1"}],"replies":[{"embeddable":true,"href":"http:\/\/arctic-sauna.no\/nb\/wp-json\/wp\/v2\/comments?post=1727"}],"version-history":[{"count":5,"href":"http:\/\/arctic-sauna.no\/nb\/wp-json\/wp\/v2\/pages\/1727\/revisions"}],"predecessor-version":[{"id":2411,"href":"http:\/\/arctic-sauna.no\/nb\/wp-json\/wp\/v2\/pages\/1727\/revisions\/2411"}],"wp:attachment":[{"href":"http:\/\/arctic-sauna.no\/nb\/wp-json\/wp\/v2\/media?parent=1727"}],"curies":[{"name":"wp","href":"https:\/\/api.w.org\/{rel}","templated":true}]}}